{"id":475,"date":"2025-12-10T23:05:32","date_gmt":"2025-12-11T05:05:32","guid":{"rendered":"https:\/\/labor.devbluedevs.com\/?page_id=475"},"modified":"2025-12-11T09:08:58","modified_gmt":"2025-12-11T15:08:58","slug":"terminos-y-condiciones","status":"publish","type":"page","link":"https:\/\/just-link.net\/en\/terminos-y-condiciones\/","title":{"rendered":"T\u00e9rminos y condiciones"},"content":{"rendered":"<div data-elementor-type=\"wp-page\" data-elementor-id=\"475\" class=\"elementor elementor-475\" data-elementor-post-type=\"page\">\n\t\t\t\t<div class=\"elementor-element elementor-element-327f528 e-flex e-con-boxed e-con e-parent\" data-id=\"327f528\" data-element_type=\"container\" data-e-type=\"container\">\n\t\t\t\t\t<div class=\"e-con-inner\">\n\t\t\t\t<div class=\"elementor-element elementor-element-cfd60ab elementor-widget elementor-widget-heading\" data-id=\"cfd60ab\" data-element_type=\"widget\" data-e-type=\"widget\" data-widget_type=\"heading.default\">\n\t\t\t\t\t<h1 class=\"elementor-heading-title elementor-size-default\">T\u00e9rminos y condiciones<\/h1>\t\t\t\t<\/div>\n\t\t\t\t<div class=\"elementor-element elementor-element-cd2b126 elementor-widget elementor-widget-text-editor\" data-id=\"cd2b126\" data-element_type=\"widget\" data-e-type=\"widget\" data-widget_type=\"text-editor.default\">\n\t\t\t\t\t\t\t\t\t<p><span style=\"font-weight: 400;\">El acceso y uso del sitio web de Justlink implica la aceptaci\u00f3n de los siguientes t\u00e9rminos y condiciones:<\/span><\/p><h5><b>1. Uso del sitio<\/b><\/h5><p><span style=\"font-weight: 400;\">El contenido del sitio es exclusivamente informativo. El usuario se compromete a hacer un uso adecuado del sitio y a no emplearlo para actividades il\u00edcitas o contrarias a la buena fe.<\/span><\/p><h5><b>2. Propiedad intelectual<\/b><\/h5><p><span style=\"font-weight: 400;\">Todo el contenido de este sitio (textos, im\u00e1genes, logotipos, etc.) es propiedad de Justlink o cuenta con licencias de uso. Queda prohibida su reproducci\u00f3n total o parcial sin autorizaci\u00f3n previa.<\/span><\/p><h5><b>3. Enlaces externos<\/b><\/h5><p><span style=\"font-weight: 400;\">Este sitio puede contener enlaces a sitios de terceros. Justlink no se hace responsable del contenido ni de las pol\u00edticas de privacidad de dichos sitios.<\/span><\/p><h5><b>4. Limitaci\u00f3n de responsabilidad<\/b><\/h5><p><span style=\"font-weight: 400;\">Justlink no se hace responsable por da\u00f1os derivados del uso del sitio, interrupciones, errores t\u00e9cnicos o inexactitudes en el contenido.<\/span><\/p><h5><b>5. Modificaciones<\/b><\/h5><p><span style=\"font-weight: 400;\">Nos reservamos el derecho de modificar estos t\u00e9rminos en cualquier momento. El uso continuado del sitio tras dichos cambios implica su aceptaci\u00f3n.<\/span><\/p>\t\t\t\t\t\t\t\t<\/div>\n\t\t\t\t\t<\/div>\n\t\t\t\t<\/div>\n\t\t\t\t<\/div>","protected":false},"excerpt":{"rendered":"<p>El acceso y uso del sitio web de Justlink implica la aceptaci\u00f3n de los siguientes t\u00e9rminos y condiciones: 1. Uso del sitio El contenido del sitio es exclusivamente informativo. El usuario se compromete a hacer un uso adecuado del sitio y a no emplearlo para actividades il\u00edcitas o contrarias a la buena fe. 2. Propiedad [&hellip;]<\/p>\n","protected":false},"author":4,"featured_media":0,"parent":0,"menu_order":0,"comment_status":"closed","ping_status":"closed","template":"elementor_header_footer","meta":{"footnotes":""},"class_list":["post-475","page","type-page","status-publish","hentry"],"yoast_head":"<!-- This site is optimized with the Yoast SEO plugin v27.4 - https:\/\/yoast.com\/product\/yoast-seo-wordpress\/ -->\n<title>T\u00e9rminos y condiciones | JustLink<\/title>\n<meta name=\"description\" content=\"El acceso y uso del sitio web de Justlink implica la aceptaci\u00f3n de los siguientes t\u00e9rminos y condiciones\" \/>\n<meta name=\"robots\" content=\"index, follow, max-snippet:-1, max-image-preview:large, max-video-preview:-1\" \/>\n<link rel=\"canonical\" href=\"https:\/\/just-link.net\/en\/terminos-y-condiciones\/\" \/>\n<meta property=\"og:locale\" content=\"en_US\" \/>\n<meta property=\"og:type\" content=\"article\" \/>\n<meta property=\"og:title\" content=\"T\u00e9rminos y condiciones | JustLink\" \/>\n<meta property=\"og:description\" content=\"El acceso y uso del sitio web de Justlink implica la aceptaci\u00f3n de los siguientes t\u00e9rminos y condiciones\" \/>\n<meta property=\"og:url\" content=\"https:\/\/just-link.net\/en\/terminos-y-condiciones\/\" \/>\n<meta property=\"og:site_name\" content=\"JustLink\" \/>\n<meta property=\"article:modified_time\" content=\"2025-12-11T15:08:58+00:00\" \/>\n<meta name=\"twitter:card\" content=\"summary_large_image\" \/>\n<meta name=\"twitter:label1\" content=\"Est. reading time\" \/>\n\t<meta name=\"twitter:data1\" content=\"1 minute\" \/>\n<script type=\"application\/ld+json\" class=\"yoast-schema-graph\">{\"@context\":\"https:\\\/\\\/schema.org\",\"@graph\":[{\"@type\":\"WebPage\",\"@id\":\"https:\\\/\\\/just-link.net\\\/terminos-y-condiciones\\\/\",\"url\":\"https:\\\/\\\/just-link.net\\\/terminos-y-condiciones\\\/\",\"name\":\"T\u00e9rminos y condiciones | JustLink\",\"isPartOf\":{\"@id\":\"https:\\\/\\\/just-link.net\\\/#website\"},\"datePublished\":\"2025-12-11T05:05:32+00:00\",\"dateModified\":\"2025-12-11T15:08:58+00:00\",\"description\":\"El acceso y uso del sitio web de Justlink implica la aceptaci\u00f3n de los siguientes t\u00e9rminos y condiciones\",\"breadcrumb\":{\"@id\":\"https:\\\/\\\/just-link.net\\\/terminos-y-condiciones\\\/#breadcrumb\"},\"inLanguage\":\"en-US\",\"potentialAction\":[{\"@type\":\"ReadAction\",\"target\":[\"https:\\\/\\\/just-link.net\\\/terminos-y-condiciones\\\/\"]}]},{\"@type\":\"BreadcrumbList\",\"@id\":\"https:\\\/\\\/just-link.net\\\/terminos-y-condiciones\\\/#breadcrumb\",\"itemListElement\":[{\"@type\":\"ListItem\",\"position\":1,\"name\":\"Home\",\"item\":\"https:\\\/\\\/just-link.net\\\/\"},{\"@type\":\"ListItem\",\"position\":2,\"name\":\"T\u00e9rminos y condiciones\"}]},{\"@type\":\"WebSite\",\"@id\":\"https:\\\/\\\/just-link.net\\\/#website\",\"url\":\"https:\\\/\\\/just-link.net\\\/\",\"name\":\"JustLink\",\"description\":\"JustLink\",\"publisher\":{\"@id\":\"https:\\\/\\\/just-link.net\\\/#organization\"},\"potentialAction\":[{\"@type\":\"SearchAction\",\"target\":{\"@type\":\"EntryPoint\",\"urlTemplate\":\"https:\\\/\\\/just-link.net\\\/?s={search_term_string}\"},\"query-input\":{\"@type\":\"PropertyValueSpecification\",\"valueRequired\":true,\"valueName\":\"search_term_string\"}}],\"inLanguage\":\"en-US\"},{\"@type\":\"Organization\",\"@id\":\"https:\\\/\\\/just-link.net\\\/#organization\",\"name\":\"JustLink\",\"url\":\"https:\\\/\\\/just-link.net\\\/\",\"logo\":{\"@type\":\"ImageObject\",\"inLanguage\":\"en-US\",\"@id\":\"https:\\\/\\\/just-link.net\\\/#\\\/schema\\\/logo\\\/image\\\/\",\"url\":\"https:\\\/\\\/just-link.net\\\/wp-content\\\/uploads\\\/2025\\\/11\\\/just-link-logo-human-capital.png\",\"contentUrl\":\"https:\\\/\\\/just-link.net\\\/wp-content\\\/uploads\\\/2025\\\/11\\\/just-link-logo-human-capital.png\",\"width\":678,\"height\":253,\"caption\":\"JustLink\"},\"image\":{\"@id\":\"https:\\\/\\\/just-link.net\\\/#\\\/schema\\\/logo\\\/image\\\/\"}}]}<\/script>\n<!-- \/ Yoast SEO plugin. -->","yoast_head_json":{"title":"T\u00e9rminos y condiciones | JustLink","description":"El acceso y uso del sitio web de Justlink implica la aceptaci\u00f3n de los siguientes t\u00e9rminos y condiciones","robots":{"index":"index","follow":"follow","max-snippet":"max-snippet:-1","max-image-preview":"max-image-preview:large","max-video-preview":"max-video-preview:-1"},"canonical":"https:\/\/just-link.net\/en\/terminos-y-condiciones\/","og_locale":"en_US","og_type":"article","og_title":"T\u00e9rminos y condiciones | JustLink","og_description":"El acceso y uso del sitio web de Justlink implica la aceptaci\u00f3n de los siguientes t\u00e9rminos y condiciones","og_url":"https:\/\/just-link.net\/en\/terminos-y-condiciones\/","og_site_name":"JustLink","article_modified_time":"2025-12-11T15:08:58+00:00","twitter_card":"summary_large_image","twitter_misc":{"Est. reading time":"1 minute"},"schema":{"@context":"https:\/\/schema.org","@graph":[{"@type":"WebPage","@id":"https:\/\/just-link.net\/terminos-y-condiciones\/","url":"https:\/\/just-link.net\/terminos-y-condiciones\/","name":"T\u00e9rminos y condiciones | JustLink","isPartOf":{"@id":"https:\/\/just-link.net\/#website"},"datePublished":"2025-12-11T05:05:32+00:00","dateModified":"2025-12-11T15:08:58+00:00","description":"El acceso y uso del sitio web de Justlink implica la aceptaci\u00f3n de los siguientes t\u00e9rminos y condiciones","breadcrumb":{"@id":"https:\/\/just-link.net\/terminos-y-condiciones\/#breadcrumb"},"inLanguage":"en-US","potentialAction":[{"@type":"ReadAction","target":["https:\/\/just-link.net\/terminos-y-condiciones\/"]}]},{"@type":"BreadcrumbList","@id":"https:\/\/just-link.net\/terminos-y-condiciones\/#breadcrumb","itemListElement":[{"@type":"ListItem","position":1,"name":"Home","item":"https:\/\/just-link.net\/"},{"@type":"ListItem","position":2,"name":"T\u00e9rminos y condiciones"}]},{"@type":"WebSite","@id":"https:\/\/just-link.net\/#website","url":"https:\/\/just-link.net\/","name":"JustLink","description":"JustLink","publisher":{"@id":"https:\/\/just-link.net\/#organization"},"potentialAction":[{"@type":"SearchAction","target":{"@type":"EntryPoint","urlTemplate":"https:\/\/just-link.net\/?s={search_term_string}"},"query-input":{"@type":"PropertyValueSpecification","valueRequired":true,"valueName":"search_term_string"}}],"inLanguage":"en-US"},{"@type":"Organization","@id":"https:\/\/just-link.net\/#organization","name":"JustLink","url":"https:\/\/just-link.net\/","logo":{"@type":"ImageObject","inLanguage":"en-US","@id":"https:\/\/just-link.net\/#\/schema\/logo\/image\/","url":"https:\/\/just-link.net\/wp-content\/uploads\/2025\/11\/just-link-logo-human-capital.png","contentUrl":"https:\/\/just-link.net\/wp-content\/uploads\/2025\/11\/just-link-logo-human-capital.png","width":678,"height":253,"caption":"JustLink"},"image":{"@id":"https:\/\/just-link.net\/#\/schema\/logo\/image\/"}}]}},"_links":{"self":[{"href":"https:\/\/just-link.net\/en\/wp-json\/wp\/v2\/pages\/475","targetHints":{"allow":["GET"]}}],"collection":[{"href":"https:\/\/just-link.net\/en\/wp-json\/wp\/v2\/pages"}],"about":[{"href":"https:\/\/just-link.net\/en\/wp-json\/wp\/v2\/types\/page"}],"author":[{"embeddable":true,"href":"https:\/\/just-link.net\/en\/wp-json\/wp\/v2\/users\/4"}],"replies":[{"embeddable":true,"href":"https:\/\/just-link.net\/en\/wp-json\/wp\/v2\/comments?post=475"}],"version-history":[{"count":4,"href":"https:\/\/just-link.net\/en\/wp-json\/wp\/v2\/pages\/475\/revisions"}],"predecessor-version":[{"id":479,"href":"https:\/\/just-link.net\/en\/wp-json\/wp\/v2\/pages\/475\/revisions\/479"}],"wp:attachment":[{"href":"https:\/\/just-link.net\/en\/wp-json\/wp\/v2\/media?parent=475"}],"curies":[{"name":"wp","href":"https:\/\/api.w.org\/{rel}","templated":true}]}}