{"id":651,"date":"2026-04-27T11:51:03","date_gmt":"2026-04-27T17:51:03","guid":{"rendered":"https:\/\/just-link.net\/?page_id=651"},"modified":"2026-04-27T12:11:21","modified_gmt":"2026-04-27T18:11:21","slug":"blog","status":"publish","type":"page","link":"https:\/\/just-link.net\/en\/blog\/","title":{"rendered":"Blog"},"content":{"rendered":"<div data-elementor-type=\"wp-page\" data-elementor-id=\"651\" class=\"elementor elementor-651\" data-elementor-post-type=\"page\">\n\t\t\t\t<div class=\"elementor-element elementor-element-996fc1e e-flex e-con-boxed e-con e-parent\" data-id=\"996fc1e\" data-element_type=\"container\" data-e-type=\"container\" data-settings=\"{&quot;background_background&quot;:&quot;classic&quot;}\">\n\t\t\t\t\t<div class=\"e-con-inner\">\n\t\t<div class=\"elementor-element elementor-element-ed890f3 e-con-full e-flex elementor-invisible e-con e-child\" data-id=\"ed890f3\" data-element_type=\"container\" data-e-type=\"container\" data-settings=\"{&quot;animation&quot;:&quot;fadeInLeft&quot;}\">\n\t\t\t\t<div class=\"elementor-element elementor-element-eba0dae elementor-widget elementor-widget-heading\" data-id=\"eba0dae\" data-element_type=\"widget\" data-e-type=\"widget\" data-widget_type=\"heading.default\">\n\t\t\t\t\t<h1 class=\"elementor-heading-title elementor-size-default\">Claves de Reclutamiento y Gesti\u00f3n de Talento: <span style=\"font-family: 'Pacifico';font-weight: 400;color:#E48232;font-size:45px\">\nInformaci\u00f3n para l\u00edderes que deciden <\/span><\/h1>\t\t\t\t<\/div>\n\t\t\t\t<\/div>\n\t\t<div class=\"elementor-element elementor-element-57242f3 e-con-full e-flex e-con e-child\" data-id=\"57242f3\" data-element_type=\"container\" data-e-type=\"container\">\n\t\t\t\t<div class=\"elementor-element elementor-element-a92b006 elementor-invisible elementor-widget elementor-widget-image\" data-id=\"a92b006\" data-element_type=\"widget\" data-e-type=\"widget\" data-settings=\"{&quot;_animation&quot;:&quot;fadeInUp&quot;}\" data-widget_type=\"image.default\">\n\t\t\t\t\t\t\t\t\t\t\t\t\t\t\t<img fetchpriority=\"high\" decoding=\"async\" width=\"1000\" height=\"1500\" src=\"https:\/\/just-link.net\/wp-content\/uploads\/2026\/04\/Lideres1.jpg\" class=\"attachment-full size-full wp-image-654\" alt=\"\" srcset=\"https:\/\/just-link.net\/wp-content\/uploads\/2026\/04\/Lideres1.jpg 1000w, https:\/\/just-link.net\/wp-content\/uploads\/2026\/04\/Lideres1-200x300.jpg 200w, https:\/\/just-link.net\/wp-content\/uploads\/2026\/04\/Lideres1-683x1024.jpg 683w, https:\/\/just-link.net\/wp-content\/uploads\/2026\/04\/Lideres1-768x1152.jpg 768w\" sizes=\"(max-width: 1000px) 100vw, 1000px\" \/>\t\t\t\t\t\t\t\t\t\t\t\t\t\t\t<\/div>\n\t\t\t\t<div class=\"elementor-element elementor-element-c91bd8a elementor-invisible elementor-widget elementor-widget-image\" data-id=\"c91bd8a\" data-element_type=\"widget\" data-e-type=\"widget\" data-settings=\"{&quot;_animation&quot;:&quot;fadeInDown&quot;,&quot;_animation_delay&quot;:300}\" data-widget_type=\"image.default\">\n\t\t\t\t\t\t\t\t\t\t\t\t\t\t\t<img decoding=\"async\" width=\"1000\" height=\"1500\" src=\"https:\/\/just-link.net\/wp-content\/uploads\/2026\/04\/Recursos-Humanos.jpg\" class=\"attachment-full size-full wp-image-656\" alt=\"\" srcset=\"https:\/\/just-link.net\/wp-content\/uploads\/2026\/04\/Recursos-Humanos.jpg 1000w, https:\/\/just-link.net\/wp-content\/uploads\/2026\/04\/Recursos-Humanos-200x300.jpg 200w, https:\/\/just-link.net\/wp-content\/uploads\/2026\/04\/Recursos-Humanos-683x1024.jpg 683w, https:\/\/just-link.net\/wp-content\/uploads\/2026\/04\/Recursos-Humanos-768x1152.jpg 768w\" sizes=\"(max-width: 1000px) 100vw, 1000px\" \/>\t\t\t\t\t\t\t\t\t\t\t\t\t\t\t<\/div>\n\t\t\t\t<div class=\"elementor-element elementor-element-93db823 elementor-invisible elementor-widget elementor-widget-image\" data-id=\"93db823\" data-element_type=\"widget\" data-e-type=\"widget\" data-settings=\"{&quot;_animation&quot;:&quot;fadeInUp&quot;,&quot;_animation_delay&quot;:500}\" data-widget_type=\"image.default\">\n\t\t\t\t\t\t\t\t\t\t\t\t\t\t\t<img decoding=\"async\" width=\"1000\" height=\"1500\" src=\"https:\/\/just-link.net\/wp-content\/uploads\/2026\/04\/Talento-humano1.jpg\" class=\"attachment-full size-full wp-image-655\" alt=\"\" srcset=\"https:\/\/just-link.net\/wp-content\/uploads\/2026\/04\/Talento-humano1.jpg 1000w, https:\/\/just-link.net\/wp-content\/uploads\/2026\/04\/Talento-humano1-200x300.jpg 200w, https:\/\/just-link.net\/wp-content\/uploads\/2026\/04\/Talento-humano1-683x1024.jpg 683w, https:\/\/just-link.net\/wp-content\/uploads\/2026\/04\/Talento-humano1-768x1152.jpg 768w\" sizes=\"(max-width: 1000px) 100vw, 1000px\" \/>\t\t\t\t\t\t\t\t\t\t\t\t\t\t\t<\/div>\n\t\t\t\t<\/div>\n\t\t\t\t\t<\/div>\n\t\t\t\t<\/div>\n\t\t<div class=\"elementor-element elementor-element-34ffa23 e-flex e-con-boxed e-con e-parent\" data-id=\"34ffa23\" data-element_type=\"container\" data-e-type=\"container\" data-settings=\"{&quot;background_background&quot;:&quot;classic&quot;}\">\n\t\t\t\t\t<div class=\"e-con-inner\">\n\t\t\t\t<div class=\"elementor-element elementor-element-b0836bd elementor-grid-3 elementor-grid-tablet-2 elementor-grid-mobile-1 elementor-posts--thumbnail-top elementor-widget elementor-widget-posts\" data-id=\"b0836bd\" data-element_type=\"widget\" data-e-type=\"widget\" data-settings=\"{&quot;classic_columns&quot;:&quot;3&quot;,&quot;classic_columns_tablet&quot;:&quot;2&quot;,&quot;classic_columns_mobile&quot;:&quot;1&quot;,&quot;classic_row_gap&quot;:{&quot;unit&quot;:&quot;px&quot;,&quot;size&quot;:35,&quot;sizes&quot;:[]},&quot;classic_row_gap_tablet&quot;:{&quot;unit&quot;:&quot;px&quot;,&quot;size&quot;:&quot;&quot;,&quot;sizes&quot;:[]},&quot;classic_row_gap_mobile&quot;:{&quot;unit&quot;:&quot;px&quot;,&quot;size&quot;:&quot;&quot;,&quot;sizes&quot;:[]}}\" data-widget_type=\"posts.classic\">\n\t\t\t\t<div class=\"elementor-widget-container\">\n\t\t\t\t\t\t\t<div class=\"elementor-posts-container elementor-posts elementor-posts--skin-classic elementor-grid\" role=\"list\">\n\t\t\t\t<article class=\"elementor-post elementor-grid-item post-632 post type-post status-publish format-standard has-post-thumbnail hentry category-blog\" role=\"listitem\">\n\t\t\t\t<a class=\"elementor-post__thumbnail__link\" href=\"https:\/\/just-link.net\/en\/seleccion-talento-ejecutivo-mitigacion-riesgos\/\" tabindex=\"-1\" >\n\t\t\t<div class=\"elementor-post__thumbnail\"><img loading=\"lazy\" decoding=\"async\" width=\"1500\" height=\"1000\" src=\"https:\/\/just-link.net\/wp-content\/uploads\/2026\/04\/Mitigando-riesgos.jpg\" class=\"attachment-full size-full wp-image-633\" alt=\"\" srcset=\"https:\/\/just-link.net\/wp-content\/uploads\/2026\/04\/Mitigando-riesgos.jpg 1500w, https:\/\/just-link.net\/wp-content\/uploads\/2026\/04\/Mitigando-riesgos-300x200.jpg 300w, https:\/\/just-link.net\/wp-content\/uploads\/2026\/04\/Mitigando-riesgos-1024x683.jpg 1024w, https:\/\/just-link.net\/wp-content\/uploads\/2026\/04\/Mitigando-riesgos-768x512.jpg 768w\" sizes=\"(max-width: 1500px) 100vw, 1500px\" \/><\/div>\n\t\t<\/a>\n\t\t\t\t<div class=\"elementor-post__text\">\n\t\t\t\t<h3 class=\"elementor-post__title\">\n\t\t\t<a href=\"https:\/\/just-link.net\/en\/seleccion-talento-ejecutivo-mitigacion-riesgos\/\" >\n\t\t\t\tMitigando riesgos: por qu\u00e9 la selecci\u00f3n de talento ejecutivo requiere especializaci\u00f3n\t\t\t<\/a>\n\t\t<\/h3>\n\t\t\n\t\t<a class=\"elementor-post__read-more\" href=\"https:\/\/just-link.net\/en\/seleccion-talento-ejecutivo-mitigacion-riesgos\/\" aria-label=\"Read more about Mitigando riesgos: por qu\u00e9 la selecci\u00f3n de talento ejecutivo requiere especializaci\u00f3n\" tabindex=\"-1\" >\n\t\t\tLeer m\u00e1s \u00bb\t\t<\/a>\n\n\t\t\t\t<\/div>\n\t\t\t\t<\/article>\n\t\t\t\t<article class=\"elementor-post elementor-grid-item post-619 post type-post status-publish format-standard has-post-thumbnail hentry category-blog\" role=\"listitem\">\n\t\t\t\t<a class=\"elementor-post__thumbnail__link\" href=\"https:\/\/just-link.net\/en\/seleccion-talento-ejecutivo-claves-latam\/\" tabindex=\"-1\" >\n\t\t\t<div class=\"elementor-post__thumbnail\"><img loading=\"lazy\" decoding=\"async\" width=\"1500\" height=\"1000\" src=\"https:\/\/just-link.net\/wp-content\/uploads\/2026\/04\/talento-ejecutivoBl.jpg\" class=\"attachment-full size-full wp-image-630\" alt=\"\" srcset=\"https:\/\/just-link.net\/wp-content\/uploads\/2026\/04\/talento-ejecutivoBl.jpg 1500w, https:\/\/just-link.net\/wp-content\/uploads\/2026\/04\/talento-ejecutivoBl-300x200.jpg 300w, https:\/\/just-link.net\/wp-content\/uploads\/2026\/04\/talento-ejecutivoBl-1024x683.jpg 1024w, https:\/\/just-link.net\/wp-content\/uploads\/2026\/04\/talento-ejecutivoBl-768x512.jpg 768w\" sizes=\"(max-width: 1500px) 100vw, 1500px\" \/><\/div>\n\t\t<\/a>\n\t\t\t\t<div class=\"elementor-post__text\">\n\t\t\t\t<h3 class=\"elementor-post__title\">\n\t\t\t<a href=\"https:\/\/just-link.net\/en\/seleccion-talento-ejecutivo-claves-latam\/\" >\n\t\t\t\tEl reto de elegir l\u00edderes: claves para la selecci\u00f3n de talento ejecutivo en LATAM\t\t\t<\/a>\n\t\t<\/h3>\n\t\t\n\t\t<a class=\"elementor-post__read-more\" href=\"https:\/\/just-link.net\/en\/seleccion-talento-ejecutivo-claves-latam\/\" aria-label=\"Read more about El reto de elegir l\u00edderes: claves para la selecci\u00f3n de talento ejecutivo en LATAM\" tabindex=\"-1\" >\n\t\t\tLeer m\u00e1s \u00bb\t\t<\/a>\n\n\t\t\t\t<\/div>\n\t\t\t\t<\/article>\n\t\t\t\t<article class=\"elementor-post elementor-grid-item post-611 post type-post status-publish format-standard has-post-thumbnail hentry category-blog\" role=\"listitem\">\n\t\t\t\t<a class=\"elementor-post__thumbnail__link\" href=\"https:\/\/just-link.net\/en\/senales-para-contratar-consultoria-recursos-humanos\/\" tabindex=\"-1\" >\n\t\t\t<div class=\"elementor-post__thumbnail\"><img loading=\"lazy\" decoding=\"async\" width=\"1500\" height=\"844\" src=\"https:\/\/just-link.net\/wp-content\/uploads\/2026\/04\/gestion-de-talentobl.jpg\" class=\"attachment-full size-full wp-image-613\" alt=\"\" srcset=\"https:\/\/just-link.net\/wp-content\/uploads\/2026\/04\/gestion-de-talentobl.jpg 1500w, https:\/\/just-link.net\/wp-content\/uploads\/2026\/04\/gestion-de-talentobl-300x169.jpg 300w, https:\/\/just-link.net\/wp-content\/uploads\/2026\/04\/gestion-de-talentobl-1024x576.jpg 1024w, https:\/\/just-link.net\/wp-content\/uploads\/2026\/04\/gestion-de-talentobl-768x432.jpg 768w\" sizes=\"(max-width: 1500px) 100vw, 1500px\" \/><\/div>\n\t\t<\/a>\n\t\t\t\t<div class=\"elementor-post__text\">\n\t\t\t\t<h3 class=\"elementor-post__title\">\n\t\t\t<a href=\"https:\/\/just-link.net\/en\/senales-para-contratar-consultoria-recursos-humanos\/\" >\n\t\t\t\tSe\u00f1ales de alerta: \u00bfcu\u00e1ndo su empresa necesita apoyo externo en gesti\u00f3n de talento?\t\t\t<\/a>\n\t\t<\/h3>\n\t\t\n\t\t<a class=\"elementor-post__read-more\" href=\"https:\/\/just-link.net\/en\/senales-para-contratar-consultoria-recursos-humanos\/\" aria-label=\"Read more about Se\u00f1ales de alerta: \u00bfcu\u00e1ndo su empresa necesita apoyo externo en gesti\u00f3n de talento?\" tabindex=\"-1\" >\n\t\t\tLeer m\u00e1s \u00bb\t\t<\/a>\n\n\t\t\t\t<\/div>\n\t\t\t\t<\/article>\n\t\t\t\t<article class=\"elementor-post elementor-grid-item post-607 post type-post status-publish format-standard has-post-thumbnail hentry category-blog\" role=\"listitem\">\n\t\t\t\t<a class=\"elementor-post__thumbnail__link\" href=\"https:\/\/just-link.net\/en\/consultoria-recursos-humanos-valor-estrategico\/\" tabindex=\"-1\" >\n\t\t\t<div class=\"elementor-post__thumbnail\"><img loading=\"lazy\" decoding=\"async\" width=\"1500\" height=\"1000\" src=\"https:\/\/just-link.net\/wp-content\/uploads\/2026\/04\/Talento-Humano.jpg\" class=\"attachment-full size-full wp-image-608\" alt=\"\" srcset=\"https:\/\/just-link.net\/wp-content\/uploads\/2026\/04\/Talento-Humano.jpg 1500w, https:\/\/just-link.net\/wp-content\/uploads\/2026\/04\/Talento-Humano-300x200.jpg 300w, https:\/\/just-link.net\/wp-content\/uploads\/2026\/04\/Talento-Humano-1024x683.jpg 1024w, https:\/\/just-link.net\/wp-content\/uploads\/2026\/04\/Talento-Humano-768x512.jpg 768w\" sizes=\"(max-width: 1500px) 100vw, 1500px\" \/><\/div>\n\t\t<\/a>\n\t\t\t\t<div class=\"elementor-post__text\">\n\t\t\t\t<h3 class=\"elementor-post__title\">\n\t\t\t<a href=\"https:\/\/just-link.net\/en\/consultoria-recursos-humanos-valor-estrategico\/\" >\n\t\t\t\tM\u00e1s all\u00e1 de la administraci\u00f3n: el valor de convertir el \u00e1rea de Talento Humano en un socio estrat\u00e9gico del negocio\t\t\t<\/a>\n\t\t<\/h3>\n\t\t\n\t\t<a class=\"elementor-post__read-more\" href=\"https:\/\/just-link.net\/en\/consultoria-recursos-humanos-valor-estrategico\/\" aria-label=\"Read more about M\u00e1s all\u00e1 de la administraci\u00f3n: el valor de convertir el \u00e1rea de Talento Humano en un socio estrat\u00e9gico del negocio\" tabindex=\"-1\" >\n\t\t\tLeer m\u00e1s \u00bb\t\t<\/a>\n\n\t\t\t\t<\/div>\n\t\t\t\t<\/article>\n\t\t\t\t<article class=\"elementor-post elementor-grid-item post-593 post type-post status-publish format-standard has-post-thumbnail hentry category-blog\" role=\"listitem\">\n\t\t\t\t<a class=\"elementor-post__thumbnail__link\" href=\"https:\/\/just-link.net\/en\/reclutamiento-personal-guatemala-seleccion-por-valores\/\" tabindex=\"-1\" >\n\t\t\t<div class=\"elementor-post__thumbnail\"><img loading=\"lazy\" decoding=\"async\" width=\"1500\" height=\"1000\" src=\"https:\/\/just-link.net\/wp-content\/uploads\/2026\/04\/reclutamiento-de-personal.jpg\" class=\"attachment-full size-full wp-image-595\" alt=\"\" srcset=\"https:\/\/just-link.net\/wp-content\/uploads\/2026\/04\/reclutamiento-de-personal.jpg 1500w, https:\/\/just-link.net\/wp-content\/uploads\/2026\/04\/reclutamiento-de-personal-300x200.jpg 300w, https:\/\/just-link.net\/wp-content\/uploads\/2026\/04\/reclutamiento-de-personal-1024x683.jpg 1024w, https:\/\/just-link.net\/wp-content\/uploads\/2026\/04\/reclutamiento-de-personal-768x512.jpg 768w\" sizes=\"(max-width: 1500px) 100vw, 1500px\" \/><\/div>\n\t\t<\/a>\n\t\t\t\t<div class=\"elementor-post__text\">\n\t\t\t\t<h3 class=\"elementor-post__title\">\n\t\t\t<a href=\"https:\/\/just-link.net\/en\/reclutamiento-personal-guatemala-seleccion-por-valores\/\" >\n\t\t\t\tContratar para construir permanencia: claves de reclutamiento de personal en Guatemala para reducir la rotaci\u00f3n\t\t\t<\/a>\n\t\t<\/h3>\n\t\t\n\t\t<a class=\"elementor-post__read-more\" href=\"https:\/\/just-link.net\/en\/reclutamiento-personal-guatemala-seleccion-por-valores\/\" aria-label=\"Read more about Contratar para construir permanencia: claves de reclutamiento de personal en Guatemala para reducir la rotaci\u00f3n\" tabindex=\"-1\" >\n\t\t\tLeer m\u00e1s \u00bb\t\t<\/a>\n\n\t\t\t\t<\/div>\n\t\t\t\t<\/article>\n\t\t\t\t<\/div>\n\t\t\n\t\t\t\t\t\t<\/div>\n\t\t\t\t<\/div>\n\t\t\t\t\t<\/div>\n\t\t\t\t<\/div>\n\t\t\t\t<\/div>","protected":false},"excerpt":{"rendered":"<p>Claves de Reclutamiento y Gesti\u00f3n de Talento: Informaci\u00f3n para l\u00edderes que deciden<\/p>","protected":false},"author":9,"featured_media":0,"parent":0,"menu_order":0,"comment_status":"closed","ping_status":"closed","template":"elementor_header_footer","meta":{"footnotes":""},"class_list":["post-651","page","type-page","status-publish","hentry"],"yoast_head":"<!-- This site is optimized with the Yoast SEO plugin v27.4 - https:\/\/yoast.com\/product\/yoast-seo-wordpress\/ -->\n<title>Blog - JustLink<\/title>\n<meta name=\"robots\" content=\"index, follow, max-snippet:-1, max-image-preview:large, max-video-preview:-1\" \/>\n<link rel=\"canonical\" href=\"https:\/\/just-link.net\/en\/blog\/\" \/>\n<meta property=\"og:locale\" content=\"en_US\" \/>\n<meta property=\"og:type\" content=\"article\" \/>\n<meta property=\"og:title\" content=\"Blog - JustLink\" \/>\n<meta property=\"og:description\" content=\"Claves de Reclutamiento y Gesti\u00f3n de Talento: Informaci\u00f3n para l\u00edderes que deciden\" \/>\n<meta property=\"og:url\" content=\"https:\/\/just-link.net\/en\/blog\/\" \/>\n<meta property=\"og:site_name\" content=\"JustLink\" \/>\n<meta property=\"article:modified_time\" content=\"2026-04-27T18:11:21+00:00\" \/>\n<meta property=\"og:image\" content=\"https:\/\/just-link.net\/wp-content\/uploads\/2026\/04\/Lideres1.jpg\" \/>\n\t<meta property=\"og:image:width\" content=\"1000\" \/>\n\t<meta property=\"og:image:height\" content=\"1500\" \/>\n\t<meta property=\"og:image:type\" content=\"image\/jpeg\" \/>\n<meta name=\"twitter:card\" content=\"summary_large_image\" \/>\n<meta name=\"twitter:label1\" content=\"Est. reading time\" \/>\n\t<meta name=\"twitter:data1\" content=\"2 minutes\" \/>\n<script type=\"application\/ld+json\" class=\"yoast-schema-graph\">{\"@context\":\"https:\\\/\\\/schema.org\",\"@graph\":[{\"@type\":\"WebPage\",\"@id\":\"https:\\\/\\\/just-link.net\\\/blog\\\/\",\"url\":\"https:\\\/\\\/just-link.net\\\/blog\\\/\",\"name\":\"Blog - JustLink\",\"isPartOf\":{\"@id\":\"https:\\\/\\\/just-link.net\\\/#website\"},\"primaryImageOfPage\":{\"@id\":\"https:\\\/\\\/just-link.net\\\/blog\\\/#primaryimage\"},\"image\":{\"@id\":\"https:\\\/\\\/just-link.net\\\/blog\\\/#primaryimage\"},\"thumbnailUrl\":\"https:\\\/\\\/just-link.net\\\/wp-content\\\/uploads\\\/2026\\\/04\\\/Lideres1.jpg\",\"datePublished\":\"2026-04-27T17:51:03+00:00\",\"dateModified\":\"2026-04-27T18:11:21+00:00\",\"breadcrumb\":{\"@id\":\"https:\\\/\\\/just-link.net\\\/blog\\\/#breadcrumb\"},\"inLanguage\":\"en-US\",\"potentialAction\":[{\"@type\":\"ReadAction\",\"target\":[\"https:\\\/\\\/just-link.net\\\/blog\\\/\"]}]},{\"@type\":\"ImageObject\",\"inLanguage\":\"en-US\",\"@id\":\"https:\\\/\\\/just-link.net\\\/blog\\\/#primaryimage\",\"url\":\"https:\\\/\\\/just-link.net\\\/wp-content\\\/uploads\\\/2026\\\/04\\\/Lideres1.jpg\",\"contentUrl\":\"https:\\\/\\\/just-link.net\\\/wp-content\\\/uploads\\\/2026\\\/04\\\/Lideres1.jpg\"},{\"@type\":\"BreadcrumbList\",\"@id\":\"https:\\\/\\\/just-link.net\\\/blog\\\/#breadcrumb\",\"itemListElement\":[{\"@type\":\"ListItem\",\"position\":1,\"name\":\"Home\",\"item\":\"https:\\\/\\\/just-link.net\\\/\"},{\"@type\":\"ListItem\",\"position\":2,\"name\":\"Blog\"}]},{\"@type\":\"WebSite\",\"@id\":\"https:\\\/\\\/just-link.net\\\/#website\",\"url\":\"https:\\\/\\\/just-link.net\\\/\",\"name\":\"JustLink\",\"description\":\"JustLink\",\"publisher\":{\"@id\":\"https:\\\/\\\/just-link.net\\\/#organization\"},\"potentialAction\":[{\"@type\":\"SearchAction\",\"target\":{\"@type\":\"EntryPoint\",\"urlTemplate\":\"https:\\\/\\\/just-link.net\\\/?s={search_term_string}\"},\"query-input\":{\"@type\":\"PropertyValueSpecification\",\"valueRequired\":true,\"valueName\":\"search_term_string\"}}],\"inLanguage\":\"en-US\"},{\"@type\":\"Organization\",\"@id\":\"https:\\\/\\\/just-link.net\\\/#organization\",\"name\":\"JustLink\",\"url\":\"https:\\\/\\\/just-link.net\\\/\",\"logo\":{\"@type\":\"ImageObject\",\"inLanguage\":\"en-US\",\"@id\":\"https:\\\/\\\/just-link.net\\\/#\\\/schema\\\/logo\\\/image\\\/\",\"url\":\"https:\\\/\\\/just-link.net\\\/wp-content\\\/uploads\\\/2025\\\/11\\\/just-link-logo-human-capital.png\",\"contentUrl\":\"https:\\\/\\\/just-link.net\\\/wp-content\\\/uploads\\\/2025\\\/11\\\/just-link-logo-human-capital.png\",\"width\":678,\"height\":253,\"caption\":\"JustLink\"},\"image\":{\"@id\":\"https:\\\/\\\/just-link.net\\\/#\\\/schema\\\/logo\\\/image\\\/\"}}]}<\/script>\n<!-- \/ Yoast SEO plugin. -->","yoast_head_json":{"title":"Blog - JustLink","robots":{"index":"index","follow":"follow","max-snippet":"max-snippet:-1","max-image-preview":"max-image-preview:large","max-video-preview":"max-video-preview:-1"},"canonical":"https:\/\/just-link.net\/en\/blog\/","og_locale":"en_US","og_type":"article","og_title":"Blog - JustLink","og_description":"Claves de Reclutamiento y Gesti\u00f3n de Talento: Informaci\u00f3n para l\u00edderes que deciden","og_url":"https:\/\/just-link.net\/en\/blog\/","og_site_name":"JustLink","article_modified_time":"2026-04-27T18:11:21+00:00","og_image":[{"width":1000,"height":1500,"url":"https:\/\/just-link.net\/wp-content\/uploads\/2026\/04\/Lideres1.jpg","type":"image\/jpeg"}],"twitter_card":"summary_large_image","twitter_misc":{"Est. reading time":"2 minutes"},"schema":{"@context":"https:\/\/schema.org","@graph":[{"@type":"WebPage","@id":"https:\/\/just-link.net\/blog\/","url":"https:\/\/just-link.net\/blog\/","name":"Blog - JustLink","isPartOf":{"@id":"https:\/\/just-link.net\/#website"},"primaryImageOfPage":{"@id":"https:\/\/just-link.net\/blog\/#primaryimage"},"image":{"@id":"https:\/\/just-link.net\/blog\/#primaryimage"},"thumbnailUrl":"https:\/\/just-link.net\/wp-content\/uploads\/2026\/04\/Lideres1.jpg","datePublished":"2026-04-27T17:51:03+00:00","dateModified":"2026-04-27T18:11:21+00:00","breadcrumb":{"@id":"https:\/\/just-link.net\/blog\/#breadcrumb"},"inLanguage":"en-US","potentialAction":[{"@type":"ReadAction","target":["https:\/\/just-link.net\/blog\/"]}]},{"@type":"ImageObject","inLanguage":"en-US","@id":"https:\/\/just-link.net\/blog\/#primaryimage","url":"https:\/\/just-link.net\/wp-content\/uploads\/2026\/04\/Lideres1.jpg","contentUrl":"https:\/\/just-link.net\/wp-content\/uploads\/2026\/04\/Lideres1.jpg"},{"@type":"BreadcrumbList","@id":"https:\/\/just-link.net\/blog\/#breadcrumb","itemListElement":[{"@type":"ListItem","position":1,"name":"Home","item":"https:\/\/just-link.net\/"},{"@type":"ListItem","position":2,"name":"Blog"}]},{"@type":"WebSite","@id":"https:\/\/just-link.net\/#website","url":"https:\/\/just-link.net\/","name":"JustLink","description":"JustLink","publisher":{"@id":"https:\/\/just-link.net\/#organization"},"potentialAction":[{"@type":"SearchAction","target":{"@type":"EntryPoint","urlTemplate":"https:\/\/just-link.net\/?s={search_term_string}"},"query-input":{"@type":"PropertyValueSpecification","valueRequired":true,"valueName":"search_term_string"}}],"inLanguage":"en-US"},{"@type":"Organization","@id":"https:\/\/just-link.net\/#organization","name":"JustLink","url":"https:\/\/just-link.net\/","logo":{"@type":"ImageObject","inLanguage":"en-US","@id":"https:\/\/just-link.net\/#\/schema\/logo\/image\/","url":"https:\/\/just-link.net\/wp-content\/uploads\/2025\/11\/just-link-logo-human-capital.png","contentUrl":"https:\/\/just-link.net\/wp-content\/uploads\/2025\/11\/just-link-logo-human-capital.png","width":678,"height":253,"caption":"JustLink"},"image":{"@id":"https:\/\/just-link.net\/#\/schema\/logo\/image\/"}}]}},"_links":{"self":[{"href":"https:\/\/just-link.net\/en\/wp-json\/wp\/v2\/pages\/651","targetHints":{"allow":["GET"]}}],"collection":[{"href":"https:\/\/just-link.net\/en\/wp-json\/wp\/v2\/pages"}],"about":[{"href":"https:\/\/just-link.net\/en\/wp-json\/wp\/v2\/types\/page"}],"author":[{"embeddable":true,"href":"https:\/\/just-link.net\/en\/wp-json\/wp\/v2\/users\/9"}],"replies":[{"embeddable":true,"href":"https:\/\/just-link.net\/en\/wp-json\/wp\/v2\/comments?post=651"}],"version-history":[{"count":4,"href":"https:\/\/just-link.net\/en\/wp-json\/wp\/v2\/pages\/651\/revisions"}],"predecessor-version":[{"id":660,"href":"https:\/\/just-link.net\/en\/wp-json\/wp\/v2\/pages\/651\/revisions\/660"}],"wp:attachment":[{"href":"https:\/\/just-link.net\/en\/wp-json\/wp\/v2\/media?parent=651"}],"curies":[{"name":"wp","href":"https:\/\/api.w.org\/{rel}","templated":true}]}}